{"id":2893,"date":"2025-09-10T05:49:57","date_gmt":"2025-09-10T05:49:57","guid":{"rendered":"https:\/\/www.filtroscastello.com\/politique-de-confidentialite\/"},"modified":"2026-03-11T12:02:19","modified_gmt":"2026-03-11T12:02:19","slug":"politique-de-confidentialite","status":"publish","type":"page","link":"https:\/\/www.filtroscastello.com\/fr\/politique-de-confidentialite\/","title":{"rendered":"Politique de confidentialit\u00e9"},"content":{"rendered":"\n<h2 class=\"wp-block-heading\">Coordonn\u00e9es de la personne responsable<\/h2>\n\n<p><strong>Identit\u00e9 :<\/strong> Filtros Castell\u00f3 S.L.<br\/> CIF<strong>:<\/strong> B97318646<br\/><strong>Adresse :<\/strong> Carrer Cam\u00ed de L&rsquo;Alquerieta 17, Massanassa, Valencia<br\/><strong>Courriel :<\/strong> <a>info@filtroscastello.com<\/a><br\/><strong>T\u00e9l\u00e9phone :<\/strong> 961 255 263<\/p>\n\n<p><strong>D\u00e9l\u00e9gu\u00e9 \u00e0 la protection des donn\u00e9es :<\/strong> Mar\u00eda Dolores Castell\u00f3 Moreno<br\/><strong>Contact DPD :<\/strong> <a>rgpd@filtroscastello.com<\/a><\/p>\n\n<hr class=\"wp-block-separator has-alpha-channel-opacity\"\/>\n\n<h3 class=\"wp-block-heading\">Finalit\u00e9 du traitement de vos donn\u00e9es et d\u00e9lais de conservation<\/h3>\n\n<p><strong>Enqu\u00eates et demandes :<\/strong><br\/>Les donn\u00e9es seront utilis\u00e9es pour r\u00e9pondre aux questions envoy\u00e9es \u00e0 Filtros Castell\u00f3 S.L. et pour r\u00e9pondre aux demandes d&rsquo;information sur les produits et services que nous offrons.<br\/>Les donn\u00e9es seront conserv\u00e9es tant que l&rsquo;utilisateur n&rsquo;exprimera pas son droit d&rsquo;annulation.<\/p>\n\n<p><strong>Emploi :<\/strong><br\/>Les donn\u00e9es seront utilis\u00e9es pour les processus de s\u00e9lection interne du personnel, actuels et futurs.<br\/>La dur\u00e9e maximale de conservation des informations relatives au curriculum est d&rsquo;un an, sauf si le candidat exerce son droit d&rsquo;annulation.<\/p>\n\n<hr class=\"wp-block-separator has-alpha-channel-opacity\"\/>\n\n<h3 class=\"wp-block-heading\">L\u00e9gitimation du traitement des donn\u00e9es<\/h3>\n\n<p>Le traitement des donn\u00e9es est bas\u00e9 sur l&rsquo;autorisation de l&rsquo;utilisateur ou du demandeur.<\/p>\n\n<hr class=\"wp-block-separator has-alpha-channel-opacity\"\/>\n\n<h3 class=\"wp-block-heading\">Destinataires des donn\u00e9es<\/h3>\n\n<p>Filtros Castell\u00f3 S.L. ne transf\u00e8re pas de donn\u00e9es \u00e0 des tiers.<\/p>\n\n<hr class=\"wp-block-separator has-alpha-channel-opacity\"\/>\n\n<h3 class=\"wp-block-heading\">Exercice des droits<\/h3>\n\n<p>Les utilisateurs peuvent exercer les droits suivants :<br\/><strong>Acc\u00e8s, rectification, opposition, suppression, d\u00e9cisions automatis\u00e9es, limitation et portabilit\u00e9.<\/strong><\/p>\n\n<p>Pour les exercer, veuillez envoyer un courriel \u00e0 : <strong><a>rgpd@filtroscastello.com<\/a><\/strong>en joignant une copie de votre carte d&rsquo;identit\u00e9 nationale ou d&rsquo;un document \u00e9quivalent.<\/p>\n\n<p>Dans tous les cas, vous pouvez \u00e9galement demander la protection de vos droits aupr\u00e8s de l&rsquo;Agence espagnole de protection des donn\u00e9es sur son site web.<\/p>\n\n<p><strong>D\u00e9lai de r\u00e9ponse :<\/strong> 1 mois<\/p>\n\n<p><\/p>\n","protected":false},"excerpt":{"rendered":"<p>Coordonn\u00e9es de la personne responsable Identit\u00e9 : Filtros Castell\u00f3 S.L. CIF: B97318646Adresse : Carrer Cam\u00ed de L&rsquo;Alquerieta 17, Massanassa, ValenciaCourriel : info@filtroscastello.comT\u00e9l\u00e9phone : 961 255 263 D\u00e9l\u00e9gu\u00e9 \u00e0 la protection des donn\u00e9es : Mar\u00eda Dolores Castell\u00f3 MorenoContact DPD : rgpd@filtroscastello.com Finalit\u00e9 du traitement de vos donn\u00e9es et d\u00e9lais de conservation Enqu\u00eates et demandes :Les donn\u00e9es [&hellip;]<\/p>\n","protected":false},"author":2,"featured_media":0,"parent":0,"menu_order":0,"comment_status":"closed","ping_status":"closed","template":"","meta":{"_acf_changed":false,"footnotes":""},"class_list":["post-2893","page","type-page","status-publish","hentry"],"acf":[],"_links":{"self":[{"href":"https:\/\/www.filtroscastello.com\/fr\/wp-json\/wp\/v2\/pages\/2893","targetHints":{"allow":["GET"]}}],"collection":[{"href":"https:\/\/www.filtroscastello.com\/fr\/wp-json\/wp\/v2\/pages"}],"about":[{"href":"https:\/\/www.filtroscastello.com\/fr\/wp-json\/wp\/v2\/types\/page"}],"author":[{"embeddable":true,"href":"https:\/\/www.filtroscastello.com\/fr\/wp-json\/wp\/v2\/users\/2"}],"replies":[{"embeddable":true,"href":"https:\/\/www.filtroscastello.com\/fr\/wp-json\/wp\/v2\/comments?post=2893"}],"version-history":[{"count":4,"href":"https:\/\/www.filtroscastello.com\/fr\/wp-json\/wp\/v2\/pages\/2893\/revisions"}],"predecessor-version":[{"id":2904,"href":"https:\/\/www.filtroscastello.com\/fr\/wp-json\/wp\/v2\/pages\/2893\/revisions\/2904"}],"wp:attachment":[{"href":"https:\/\/www.filtroscastello.com\/fr\/wp-json\/wp\/v2\/media?parent=2893"}],"curies":[{"name":"wp","href":"https:\/\/api.w.org\/{rel}","templated":true}]}}