{"id":2892,"date":"2024-08-05T11:22:57","date_gmt":"2024-08-05T11:22:57","guid":{"rendered":"https:\/\/www.filtroscastello.com\/politique-daccessibilite\/"},"modified":"2026-03-11T12:02:23","modified_gmt":"2026-03-11T12:02:23","slug":"politique-daccessibilite","status":"publish","type":"page","link":"https:\/\/www.filtroscastello.com\/fr\/politique-daccessibilite\/","title":{"rendered":"POLITIQUE D&rsquo;ACCESSIBILIT\u00c9"},"content":{"rendered":"\n<p>L&rsquo;entreprise s&rsquo;engage \u00e0 rendre son site web accessible conform\u00e9ment \u00e0 l&rsquo;arr\u00eat\u00e9 royal 1112\/2018 du 7 septembre sur l&rsquo;accessibilit\u00e9 des sites web et des applications mobiles du secteur public, ou des d\u00e9veloppements financ\u00e9s par l&rsquo;Europe.<\/p>\n\n<p>La pr\u00e9sente d\u00e9claration d&rsquo;accessibilit\u00e9 s&rsquo;applique \u00e0 ce site web, \u00e0 l&rsquo;exclusion du contenu int\u00e9gr\u00e9 dans d&rsquo;autres domaines.<\/p>\n\n<p>Statut de conformit\u00e9 Ce site web est partiellement conforme au RD 1112\/2018 en raison de l&rsquo;absence de<br\/>conformit\u00e9 des aspects \u00e9num\u00e9r\u00e9s ci-dessous.<\/p>\n\n<p>Contenu non accessible<\/p>\n\n<p>Le contenu ci-dessous n&rsquo;est pas accessible pour les raisons suivantes :<br\/>1. Il peut y avoir des alternatives textuelles qui ne sont pas correctes &#8211; Exigence num\u00e9ro 9.1.1.1.1 Contenu non textuel de la norme UNE-EN 301549:2022<br\/>2. Il peut y avoir des liens dont la fonction ou l&rsquo;objectif n&rsquo;est pas correctement d\u00e9fini &#8211; Num\u00e9ro d&rsquo;exigence 9.2.4.4.4 Objectif des liens de la norme UNE-EN 301549:2022<br\/>3. Il peut y avoir des erreurs d&rsquo;\u00e9dition occasionnelles sur certaines pages web.<br\/>4. Charge disproportionn\u00e9e : Non applicable.<br\/>5. Le contenu n&rsquo;entre pas dans le champ d&rsquo;application de la l\u00e9gislation applicable.<br\/>6. Il peut y avoir des fichiers bureautiques en PDF ou d&rsquo;autres formats publi\u00e9s avant le 20 septembre 2018 qui ne sont pas enti\u00e8rement conformes \u00e0 toutes les exigences d&rsquo;accessibilit\u00e9.<br\/>7. Il peut y avoir du contenu de tiers qui n&rsquo;est pas d\u00e9velopp\u00e9 par cette unit\u00e9, ni<br\/>sous son contr\u00f4le, tels que des fichiers bureautiques provenant de diff\u00e9rentes entit\u00e9s qui devraient \u00eatre publi\u00e9s sur ce site.<\/p>\n\n<p>Si vous souhaitez signaler un probl\u00e8me d&rsquo;accessibilit\u00e9, vous pouvez le faire via notre formulaire<br\/>sur la page Contact.<\/p>\n","protected":false},"excerpt":{"rendered":"<p>L&rsquo;entreprise s&rsquo;engage \u00e0 rendre son site web accessible conform\u00e9ment \u00e0 l&rsquo;arr\u00eat\u00e9 royal 1112\/2018 du 7 septembre sur l&rsquo;accessibilit\u00e9 des sites web et des applications mobiles du secteur public, ou des d\u00e9veloppements financ\u00e9s par l&rsquo;Europe. La pr\u00e9sente d\u00e9claration d&rsquo;accessibilit\u00e9 s&rsquo;applique \u00e0 ce site web, \u00e0 l&rsquo;exclusion du contenu int\u00e9gr\u00e9 dans d&rsquo;autres domaines. Statut de conformit\u00e9 Ce [&hellip;]<\/p>\n","protected":false},"author":2,"featured_media":0,"parent":0,"menu_order":0,"comment_status":"closed","ping_status":"closed","template":"","meta":{"_acf_changed":false,"footnotes":""},"class_list":["post-2892","page","type-page","status-publish","hentry"],"acf":[],"_links":{"self":[{"href":"https:\/\/www.filtroscastello.com\/fr\/wp-json\/wp\/v2\/pages\/2892","targetHints":{"allow":["GET"]}}],"collection":[{"href":"https:\/\/www.filtroscastello.com\/fr\/wp-json\/wp\/v2\/pages"}],"about":[{"href":"https:\/\/www.filtroscastello.com\/fr\/wp-json\/wp\/v2\/types\/page"}],"author":[{"embeddable":true,"href":"https:\/\/www.filtroscastello.com\/fr\/wp-json\/wp\/v2\/users\/2"}],"replies":[{"embeddable":true,"href":"https:\/\/www.filtroscastello.com\/fr\/wp-json\/wp\/v2\/comments?post=2892"}],"version-history":[{"count":4,"href":"https:\/\/www.filtroscastello.com\/fr\/wp-json\/wp\/v2\/pages\/2892\/revisions"}],"predecessor-version":[{"id":2906,"href":"https:\/\/www.filtroscastello.com\/fr\/wp-json\/wp\/v2\/pages\/2892\/revisions\/2906"}],"wp:attachment":[{"href":"https:\/\/www.filtroscastello.com\/fr\/wp-json\/wp\/v2\/media?parent=2892"}],"curies":[{"name":"wp","href":"https:\/\/api.w.org\/{rel}","templated":true}]}}