{"id":2890,"date":"2025-09-10T05:49:23","date_gmt":"2025-09-10T05:49:23","guid":{"rendered":"https:\/\/www.filtroscastello.com\/avis-juridique\/"},"modified":"2026-04-17T09:53:41","modified_gmt":"2026-04-17T09:53:41","slug":"avis-juridique","status":"publish","type":"page","link":"https:\/\/www.filtroscastello.com\/fr\/avis-juridique\/","title":{"rendered":"Avis juridique"},"content":{"rendered":"\n<h3 class=\"wp-block-heading\">I. INFORMATIONS G\u00c9N\u00c9RALES<\/h3>\n\n<p>Conform\u00e9ment \u00e0 l&rsquo;obligation d&rsquo;information pr\u00e9vue par la loi 34\/2002 sur les services de la soci\u00e9t\u00e9 de l&rsquo;information et le commerce \u00e9lectronique (LSSI-CE) du 11 juillet, vous trouverez ci-dessous des informations g\u00e9n\u00e9rales sur ce site web :<\/p>\n\n<p>La propri\u00e9t\u00e9 de ce site web, https:\/\/www.filtroscastello.com\/, (ci-apr\u00e8s, le site web) est d\u00e9tenue par : Filtros Castell\u00f3 S.L., avec le num\u00e9ro d&rsquo;identification fiscale : B97318646 et enregistr\u00e9 \u00e0 : Filtros Castell\u00f3 S.L. avec les donn\u00e9es d&rsquo;enregistrement suivantes : Filtros Castell\u00f3 S.L., dont la repr\u00e9sentante est Mar\u00eda Dolores Castell\u00f3 Moreno, et dont les coordonn\u00e9es sont les suivantes :<\/p>\n\n<p>Adresse : Carrer Cam\u00ed de L&rsquo;Alquerieta 17, Massanassa, Valencia<\/p>\n\n<p>Num\u00e9ro de t\u00e9l\u00e9phone de contact : 961 255 263<\/p>\n\n<p>Courriel de contact : info@filtroscastello.com<\/p>\n\n<h3 class=\"wp-block-heading\">II. CONDITIONS G\u00c9N\u00c9RALES D&rsquo;UTILISATION <\/h3>\n\n<h4 class=\"wp-block-heading\">L&rsquo;objet des conditions g\u00e9n\u00e9rales : Le site web<\/h4>\n\n<p>Les pr\u00e9sentes conditions g\u00e9n\u00e9rales d&rsquo;utilisation (ci-apr\u00e8s d\u00e9nomm\u00e9es \u00ab\u00a0conditions\u00a0\u00bb) ont pour objet de r\u00e9glementer l&rsquo;acc\u00e8s au site web et son utilisation. Aux fins des pr\u00e9sentes conditions g\u00e9n\u00e9rales, on entend par site web : l&rsquo;aspect ext\u00e9rieur des interfaces d&rsquo;\u00e9cran, tant statiques que dynamiques, c&rsquo;est-\u00e0-dire l&rsquo;arbre de navigation ; et tous les \u00e9l\u00e9ments int\u00e9gr\u00e9s tant dans les interfaces d&rsquo;\u00e9cran que dans l&rsquo;arbre de navigation (ci-apr\u00e8s d\u00e9nomm\u00e9s \u00ab\u00a0contenu\u00a0\u00bb) et tous les services ou ressources en ligne qui peuvent \u00eatre offerts aux utilisateurs (ci-apr\u00e8s d\u00e9nomm\u00e9s \u00ab\u00a0services\u00a0\u00bb). <\/p>\n\n<p>Filtros Castell\u00f3 se r\u00e9serve le droit de modifier, \u00e0 tout moment et sans pr\u00e9avis, la pr\u00e9sentation et la configuration du site web et des contenus et services qui peuvent y \u00eatre incorpor\u00e9s. L&rsquo;utilisateur reconna\u00eet et accepte que Filtros Castell\u00f3 puisse \u00e0 tout moment interrompre, d\u00e9sactiver et\/ou annuler n&rsquo;importe lequel de ces \u00e9l\u00e9ments inclus dans le site web ou l&rsquo;acc\u00e8s \u00e0 ceux-ci. <\/p>\n\n<p>L&rsquo;acc\u00e8s au site web par l&rsquo;utilisateur est libre et, en r\u00e8gle g\u00e9n\u00e9rale, gratuit, sans que l&rsquo;utilisateur n&rsquo;ait \u00e0 fournir de contrepartie pour en b\u00e9n\u00e9ficier, \u00e0 l&rsquo;exception du co\u00fbt de la connexion par le biais du r\u00e9seau de t\u00e9l\u00e9communications fourni par le fournisseur d&rsquo;acc\u00e8s contract\u00e9 par l&rsquo;utilisateur.<\/p>\n\n<p>L&rsquo;utilisation de tout contenu ou service du site web peut \u00eatre subordonn\u00e9e \u00e0 l&rsquo;inscription ou \u00e0 l&rsquo;enregistrement pr\u00e9alable de l&rsquo;utilisateur.<\/p>\n\n<h4 class=\"wp-block-heading\">L&rsquo;utilisateur<\/h4>\n\n<p>L&rsquo;acc\u00e8s, la navigation et l&rsquo;utilisation du site web, ainsi que les espaces d&rsquo;interaction entre les utilisateurs, l&rsquo;utilisateur et Filtros Castell\u00f3, tels que les espaces de commentaires et\/ou de blogs, conf\u00e8rent la condition d&rsquo;utilisateur et, par cons\u00e9quent, d\u00e8s le d\u00e9but de la navigation sur le site web, l&rsquo;utilisateur accepte toutes les conditions \u00e9tablies ici, ainsi que toutes les modifications ult\u00e9rieures, sans pr\u00e9judice de l&rsquo;application des normes l\u00e9gales correspondantes qui doivent \u00eatre respect\u00e9es, le cas \u00e9ch\u00e9ant. Compte tenu de l&rsquo;importance de ce qui pr\u00e9c\u00e8de, il est recommand\u00e9 \u00e0 l&rsquo;utilisateur de les lire chaque fois qu&rsquo;il visite le site Web. <\/p>\n\n<p>Le site Web de Filtros Castell\u00f3 fournit un large \u00e9ventail d&rsquo;informations, de services et de donn\u00e9es. L&rsquo;utilisateur assume la responsabilit\u00e9 de l&rsquo;utilisation correcte du site Web. Cette responsabilit\u00e9 s&rsquo;\u00e9tend \u00e0 :  <\/p>\n\n<ul class=\"wp-block-list\">\n<li>Une utilisation de l&rsquo;information, des contenus et\/ou des services et des donn\u00e9es offerts par Filtros Castell\u00f3 qui ne soit pas contraire aux dispositions des pr\u00e9sentes conditions, \u00e0 la loi, \u00e0 la morale ou \u00e0 l&rsquo;ordre public, ou qui, d&rsquo;une autre mani\u00e8re, puisse porter atteinte aux droits de tiers ou au fonctionnement du site Web.<\/li>\n\n\n\n<li>La v\u00e9racit\u00e9 et la l\u00e9galit\u00e9 des informations fournies par l&rsquo;utilisateur dans les formulaires fournis par Filtros Castell\u00f3 pour l&rsquo;acc\u00e8s \u00e0 certains contenus ou services offerts par le site web. Dans tous les cas, l&rsquo;utilisateur devra notifier imm\u00e9diatement \u00e0 Filtros Castell\u00f3 tout fait permettant l&rsquo;utilisation impropre des informations enregistr\u00e9es dans lesdits formulaires, comme par exemple, mais sans s&rsquo;y limiter, le vol, la perte ou l&rsquo;acc\u00e8s non autoris\u00e9 aux identifiants et\/ou mots de passe, afin de proc\u00e9der \u00e0 leur annulation imm\u00e9diate. <\/li>\n<\/ul>\n\n<p>Filtros Castell\u00f3 se r\u00e9serve le droit de supprimer tous les commentaires et contributions qui violent la loi, le respect de la dignit\u00e9 de la personne, qui sont discriminatoires, x\u00e9nophobes, racistes, pornographiques, spamming, qui menacent la jeunesse ou l&rsquo;enfance, l&rsquo;ordre public ou la s\u00e9curit\u00e9 ou qui, \u00e0 son avis, ne sont pas appropri\u00e9s pour la publication.<\/p>\n\n<p>Dans tous les cas, Filtros Castell\u00f3 ne sera pas responsable des opinions exprim\u00e9es par les Utilisateurs \u00e0 travers les commentaires ou d&rsquo;autres outils de blogging ou de participation qui peuvent \u00eatre disponibles.<\/p>\n\n<p>Le simple acc\u00e8s \u00e0 ce site Web n&rsquo;implique aucun type de relation commerciale entre Filtros Castell\u00f3 et l&rsquo;utilisateur.<\/p>\n\n<p>Conform\u00e9ment \u00e0 la l\u00e9gislation en vigueur, ce site web de Filtros Castell\u00f3 est destin\u00e9 \u00e0 toutes les personnes, quel que soit leur \u00e2ge, qui peuvent acc\u00e9der et\/ou naviguer sur les pages du site web.<\/p>\n\n<h3 class=\"wp-block-heading\">III. ACC\u00c8S ET NAVIGATION SUR LE SITE WEB : EXCLUSION DE GARANTIE ET DE RESPONSABILIT\u00c9 <\/h3>\n\n<p>Filtros Castell\u00f3 ne garantit pas la continuit\u00e9, la disponibilit\u00e9 et l&rsquo;utilit\u00e9 du site web, des contenus ou des services. Filtros Castell\u00f3 s&rsquo;efforcera d&rsquo;assurer le bon fonctionnement du site web, mais n&rsquo;est pas responsable et ne garantit pas que l&rsquo;acc\u00e8s \u00e0 ce site web sera ininterrompu ou exempt d&rsquo;erreurs. <\/p>\n\n<p>Filtros Castell\u00f3 n&rsquo;est pas non plus responsable et ne garantit pas que les contenus ou les logiciels auxquels il est possible d&rsquo;acc\u00e9der \u00e0 travers ce site Web soient exempts d&rsquo;erreurs ou causent des dommages au syst\u00e8me informatique (logiciel et mat\u00e9riel) de l&rsquo;utilisateur. Filtros Castell\u00f3 ne sera en aucun cas responsable des pertes, dommages ou pr\u00e9judices de toute nature d\u00e9coulant de l&rsquo;acc\u00e8s, de la navigation et de l&rsquo;utilisation du site Web, y compris, mais sans s&rsquo;y limiter, ceux caus\u00e9s aux syst\u00e8mes informatiques ou ceux caus\u00e9s par l&rsquo;introduction de virus. <\/p>\n\n<p>Filtros Castell\u00f3 n&rsquo;est pas non plus responsable des dommages qui pourraient \u00eatre caus\u00e9s aux utilisateurs par une mauvaise utilisation de ce site Web. En particulier, Filtros Castell\u00f3 n&rsquo;est en aucun cas responsable des pannes, interruptions, d\u00e9fauts ou d\u00e9faillances des t\u00e9l\u00e9communications qui pourraient se produire. <\/p>\n\n<h3 class=\"wp-block-heading\">IV. POLITIQUE DE LIAISON <\/h3>\n\n<p>Le site web de Filtros Castell\u00f3 met ou peut mettre \u00e0 la disposition des utilisateurs des moyens de liaison (tels que, entre autres, des liens, des banni\u00e8res, des boutons), des r\u00e9pertoires et des moteurs de recherche qui permettent aux utilisateurs d&rsquo;acc\u00e9der \u00e0 des sites web appartenant \u00e0 et\/ou g\u00e9r\u00e9s par des tiers.<\/p>\n\n<p>L&rsquo;installation de ces liens, r\u00e9pertoires et moteurs de recherche sur le site web a pour but de faciliter la recherche et l&rsquo;acc\u00e8s des utilisateurs aux informations disponibles sur Internet, et ne peut \u00eatre consid\u00e9r\u00e9e comme une suggestion, une recommandation ou une invitation \u00e0 les visiter.<\/p>\n\n<p>Filtros Castell\u00f3 n&rsquo;offre ni ne commercialise, en son nom propre ou par l&rsquo;interm\u00e9diaire de tiers, les produits et\/ou services disponibles sur ces sites li\u00e9s.<\/p>\n\n<p>Elle ne garantit pas non plus la disponibilit\u00e9 technique, l&rsquo;exactitude, la v\u00e9racit\u00e9, la validit\u00e9 ou la l\u00e9galit\u00e9 des sites ne lui appartenant pas et accessibles par les liens.<\/p>\n\n<p>Filtros Castell\u00f3 ne r\u00e9vise ni ne contr\u00f4le en aucun cas le contenu d&rsquo;autres sites web, pas plus qu&rsquo;elle n&rsquo;approuve, n&rsquo;examine ou ne s&rsquo;approprie les produits et services, les contenus, les fichiers et tout autre mat\u00e9riel existant dans les sites li\u00e9s susmentionn\u00e9s.<\/p>\n\n<p>Filtros Castell\u00f3 n&rsquo;assume aucune responsabilit\u00e9 pour les dommages pouvant d\u00e9couler de l&rsquo;acc\u00e8s, de l&rsquo;utilisation, de la qualit\u00e9 ou de la l\u00e9galit\u00e9 des contenus, des communications, des opinions, des produits et des services des sites web non g\u00e9r\u00e9s par Filtros Castell\u00f3 et qui sont li\u00e9s \u00e0 ce site web.<\/p>\n\n<p>L&rsquo;utilisateur ou le tiers qui \u00e9tablit un hyperlien depuis une page web d&rsquo;un autre site web vers le site web de Filtros Castell\u00f3 doit \u00eatre conscient que :<\/p>\n\n<p>La reproduction &#8211; totale ou partielle &#8211; de tout contenu et\/ou service du site Web est interdite sans l&rsquo;autorisation expresse de Filtros Castell\u00f3.<\/p>\n\n<p>Aucune d\u00e9claration fausse, inexacte ou incorrecte concernant le site Web de Filtros Castell\u00f3, ses contenus et\/ou ses services n&rsquo;est autoris\u00e9e.<\/p>\n\n<p>\u00c0 l&rsquo;exception de l&rsquo;hyperlien, le site web sur lequel est \u00e9tabli l&rsquo;hyperlien ne contiendra aucun \u00e9l\u00e9ment de ce site web prot\u00e9g\u00e9 en tant que propri\u00e9t\u00e9 intellectuelle par la loi espagnole, sauf autorisation expresse de Filtros Castell\u00f3.<\/p>\n\n<p>L&rsquo;\u00e9tablissement de l&rsquo;hyperlien n&rsquo;implique pas l&rsquo;existence d&rsquo;une relation entre Filtros Castell\u00f3 et le titulaire du site web \u00e0 partir duquel il est \u00e9tabli, ni la connaissance et l&rsquo;acceptation par Filtros Castell\u00f3 des contenus, services et\/ou activit\u00e9s offerts sur ledit site web, et vice versa.<\/p>\n\n<h3 class=\"wp-block-heading\">V. PROPRI\u00c9T\u00c9 INTELLECTUELLE ET INDUSTRIELLE<\/h3>\n\n<p>Filtros Castell\u00f3 est titulaire, elle-m\u00eame ou en tant que cessionnaire, de tous les droits de propri\u00e9t\u00e9 intellectuelle et industrielle du site Web, ainsi que des \u00e9l\u00e9ments qu&rsquo;il contient (y compris, mais sans s&rsquo;y limiter, les images, le son, l&rsquo;audio, la vid\u00e9o, le logiciel ou les textes, les marques ou les logos, les combinaisons de couleurs, la structure et la conception, le choix des mat\u00e9riaux utilis\u00e9s, les programmes informatiques n\u00e9cessaires \u00e0 son fonctionnement, \u00e0 son acc\u00e8s et \u00e0 son utilisation, etc.) ). Il s&rsquo;agit donc d&rsquo;\u0153uvres prot\u00e9g\u00e9es en tant que propri\u00e9t\u00e9 intellectuelle par le syst\u00e8me juridique espagnol, auquel s&rsquo;appliquent les r\u00e9glementations espagnoles et communautaires en la mati\u00e8re, ainsi que les trait\u00e9s internationaux sign\u00e9s par l&rsquo;Espagne en la mati\u00e8re. <\/p>\n\n<p>Tous les droits sont r\u00e9serv\u00e9s. Conform\u00e9ment aux dispositions de la loi sur la propri\u00e9t\u00e9 intellectuelle, la reproduction, la distribution et la communication publique, y compris la mise \u00e0 disposition, de tout ou partie des contenus de ce site Web, \u00e0 des fins commerciales, sur tout support et par tout moyen technique, sans l&rsquo;autorisation de Filtros Castell\u00f3, sont express\u00e9ment interdites. <\/p>\n\n<p>L&rsquo;utilisateur s&rsquo;engage \u00e0 respecter les droits de propri\u00e9t\u00e9 intellectuelle et industrielle de Filtros Castell\u00f3. Il peut visualiser les \u00e9l\u00e9ments du site Web ou m\u00eame les imprimer, les copier et les stocker sur le disque dur de son ordinateur ou sur tout autre support physique, \u00e0 condition que ce soit exclusivement pour son usage personnel. Cependant, l&rsquo;utilisateur ne pourra pas retirer, alt\u00e9rer ou manipuler tout dispositif de protection ou syst\u00e8me de s\u00e9curit\u00e9 install\u00e9 sur le site Web.  <\/p>\n\n<p>Dans le cas o\u00f9 l&rsquo;Utilisateur ou un tiers consid\u00e9rerait que l&rsquo;un des Contenus du Site Web implique une violation des droits de protection de la propri\u00e9t\u00e9 intellectuelle, il devra en informer imm\u00e9diatement Filtros Castell\u00f3 \u00e0 travers les coordonn\u00e9es indiqu\u00e9es dans la section INFORMATIONS G\u00c9N\u00c9RALES du pr\u00e9sent Avis L\u00e9gal et Conditions G\u00e9n\u00e9rales d&rsquo;Utilisation.<\/p>\n\n<h3 class=\"wp-block-heading\">VI. ACTIONS EN JUSTICE, DROIT APPLICABLE ET JURIDICTION <\/h3>\n\n<p>Filtros Castell\u00f3 se r\u00e9serve le droit d&rsquo;intenter toute action civile ou p\u00e9nale qu&rsquo;elle jugera n\u00e9cessaire en cas d&rsquo;utilisation inappropri\u00e9e du site Web et de ses contenus, ou en cas d&rsquo;infraction aux pr\u00e9sentes conditions.<\/p>\n\n<p>La relation entre l&rsquo;Utilisateur et Filtros Castell\u00f3 sera r\u00e9gie par la r\u00e9glementation en vigueur et applicable sur le territoire espagnol. En cas de litige relatif \u00e0 l&rsquo;interpr\u00e9tation et\/ou \u00e0 l&rsquo;application des pr\u00e9sentes conditions, les parties soumettront leurs conflits \u00e0 la juridiction ordinaire, en s&rsquo;en remettant aux juges et aux tribunaux correspondants conform\u00e9ment \u00e0 la loi. <\/p>\n\n<p>Ce document de mentions l\u00e9gales et conditions d&rsquo;utilisation a \u00e9t\u00e9 cr\u00e9\u00e9 \u00e0 l&rsquo;aide du g\u00e9n\u00e9rateur de <a href=\"https:\/\/textos-legales.edgartamarit.com\/\" target=\"_blank\" rel=\"noopener\">mod\u00e8les de mentions l\u00e9gales et conditions d&rsquo;utilisation<\/a> en ligne le 17\/04\/2026.<\/p>\n","protected":false},"excerpt":{"rendered":"<p>I. INFORMATIONS G\u00c9N\u00c9RALES Conform\u00e9ment \u00e0 l&rsquo;obligation d&rsquo;information pr\u00e9vue par la loi 34\/2002 sur les services de la soci\u00e9t\u00e9 de l&rsquo;information et le commerce \u00e9lectronique (LSSI-CE) du 11 juillet, vous trouverez ci-dessous des informations g\u00e9n\u00e9rales sur ce site web : La propri\u00e9t\u00e9 de ce site web, https:\/\/www.filtroscastello.com\/, (ci-apr\u00e8s, le site web) est d\u00e9tenue par : Filtros [&hellip;]<\/p>\n","protected":false},"author":2,"featured_media":0,"parent":0,"menu_order":0,"comment_status":"closed","ping_status":"closed","template":"","meta":{"_acf_changed":false,"footnotes":""},"class_list":["post-2890","page","type-page","status-publish","hentry"],"acf":[],"_links":{"self":[{"href":"https:\/\/www.filtroscastello.com\/fr\/wp-json\/wp\/v2\/pages\/2890","targetHints":{"allow":["GET"]}}],"collection":[{"href":"https:\/\/www.filtroscastello.com\/fr\/wp-json\/wp\/v2\/pages"}],"about":[{"href":"https:\/\/www.filtroscastello.com\/fr\/wp-json\/wp\/v2\/types\/page"}],"author":[{"embeddable":true,"href":"https:\/\/www.filtroscastello.com\/fr\/wp-json\/wp\/v2\/users\/2"}],"replies":[{"embeddable":true,"href":"https:\/\/www.filtroscastello.com\/fr\/wp-json\/wp\/v2\/comments?post=2890"}],"version-history":[{"count":2,"href":"https:\/\/www.filtroscastello.com\/fr\/wp-json\/wp\/v2\/pages\/2890\/revisions"}],"predecessor-version":[{"id":3402,"href":"https:\/\/www.filtroscastello.com\/fr\/wp-json\/wp\/v2\/pages\/2890\/revisions\/3402"}],"wp:attachment":[{"href":"https:\/\/www.filtroscastello.com\/fr\/wp-json\/wp\/v2\/media?parent=2890"}],"curies":[{"name":"wp","href":"https:\/\/api.w.org\/{rel}","templated":true}]}}